{"id":40,"date":"2017-12-19T11:38:52","date_gmt":"2017-12-19T09:38:52","guid":{"rendered":"https:\/\/sandbuehl.wordpress.com\/?page_id=40"},"modified":"2025-06-03T19:08:40","modified_gmt":"2025-06-03T17:08:40","slug":"vorstand","status":"publish","type":"page","link":"https:\/\/www.freie-waehler-st-georgen.de\/stg\/ueber-uns\/vorstand\/","title":{"rendered":"Vorstand"},"content":{"rendered":"<p>Der Vorstand der Freien W\u00e4hler St. Georgen\/Schwarzwald setzt sich zusammen aus den beiden Vorsitzenden, der Schriftf\u00fchrerin und dem Kassierer. Diese werden in regelm\u00e4\u00dfigen Abst\u00e4nden von den Mitgliedern gew\u00e4hlt.<\/p>\n<h2>Vorsitzende<\/h2>\n<h3>Karola Erchinger<\/h3>\n<p><img data-recalc-dims=\"1\" loading=\"lazy\" decoding=\"async\" data-attachment-id=\"13992\" data-permalink=\"https:\/\/www.freie-waehler-st-georgen.de\/stg\/ueber-uns\/vorstand\/erchinger-1q\/\" data-orig-file=\"https:\/\/i0.wp.com\/www.freie-waehler-st-georgen.de\/stg\/wp-content\/uploads\/2024\/04\/Erchinger-1q-scaled.jpg?fit=2560%2C2560&amp;ssl=1\" data-orig-size=\"2560,2560\" data-comments-opened=\"0\" data-image-meta=\"{&quot;aperture&quot;:&quot;2&quot;,&quot;credit&quot;:&quot;&quot;,&quot;camera&quot;:&quot;ILCE-7M3&quot;,&quot;caption&quot;:&quot;&quot;,&quot;created_timestamp&quot;:&quot;1710673382&quot;,&quot;copyright&quot;:&quot;&quot;,&quot;focal_length&quot;:&quot;35&quot;,&quot;iso&quot;:&quot;640&quot;,&quot;shutter_speed&quot;:&quot;0.0008&quot;,&quot;title&quot;:&quot;&quot;,&quot;orientation&quot;:&quot;0&quot;}\" data-image-title=\"Erchinger-1q\" data-image-description=\"\" data-image-caption=\"\" data-medium-file=\"https:\/\/i0.wp.com\/www.freie-waehler-st-georgen.de\/stg\/wp-content\/uploads\/2024\/04\/Erchinger-1q-scaled.jpg?fit=300%2C300&amp;ssl=1\" data-large-file=\"https:\/\/i0.wp.com\/www.freie-waehler-st-georgen.de\/stg\/wp-content\/uploads\/2024\/04\/Erchinger-1q-scaled.jpg?fit=825%2C825&amp;ssl=1\" class=\"alignnone size-medium wp-image-13992\" src=\"https:\/\/i0.wp.com\/www.freie-waehler-st-georgen.de\/stg\/wp-content\/uploads\/2024\/04\/Erchinger-1q.jpg?resize=300%2C300&#038;ssl=1\" alt=\"\" width=\"300\" height=\"300\" srcset=\"https:\/\/i0.wp.com\/www.freie-waehler-st-georgen.de\/stg\/wp-content\/uploads\/2024\/04\/Erchinger-1q-scaled.jpg?resize=300%2C300&amp;ssl=1 300w, https:\/\/i0.wp.com\/www.freie-waehler-st-georgen.de\/stg\/wp-content\/uploads\/2024\/04\/Erchinger-1q-scaled.jpg?resize=1024%2C1024&amp;ssl=1 1024w, https:\/\/i0.wp.com\/www.freie-waehler-st-georgen.de\/stg\/wp-content\/uploads\/2024\/04\/Erchinger-1q-scaled.jpg?resize=150%2C150&amp;ssl=1 150w, https:\/\/i0.wp.com\/www.freie-waehler-st-georgen.de\/stg\/wp-content\/uploads\/2024\/04\/Erchinger-1q-scaled.jpg?resize=768%2C768&amp;ssl=1 768w, https:\/\/i0.wp.com\/www.freie-waehler-st-georgen.de\/stg\/wp-content\/uploads\/2024\/04\/Erchinger-1q-scaled.jpg?resize=1536%2C1536&amp;ssl=1 1536w, https:\/\/i0.wp.com\/www.freie-waehler-st-georgen.de\/stg\/wp-content\/uploads\/2024\/04\/Erchinger-1q-scaled.jpg?resize=2048%2C2048&amp;ssl=1 2048w, https:\/\/i0.wp.com\/www.freie-waehler-st-georgen.de\/stg\/wp-content\/uploads\/2024\/04\/Erchinger-1q-scaled.jpg?resize=180%2C180&amp;ssl=1 180w, https:\/\/i0.wp.com\/www.freie-waehler-st-georgen.de\/stg\/wp-content\/uploads\/2024\/04\/Erchinger-1q-scaled.jpg?w=1650&amp;ssl=1 1650w, https:\/\/i0.wp.com\/www.freie-waehler-st-georgen.de\/stg\/wp-content\/uploads\/2024\/04\/Erchinger-1q-scaled.jpg?w=2475&amp;ssl=1 2475w\" sizes=\"auto, (max-width: 300px) 100vw, 300px\" \/><\/p>\n<p>Talsteige 1<br \/>Tel. 07724 \/ 82198<\/p>\n<h2>Stellvertretender Vorsitzender<\/h2>\n<h3>Joachim Kleiner<\/h3>\n<p><img data-recalc-dims=\"1\" loading=\"lazy\" decoding=\"async\" data-attachment-id=\"498\" data-permalink=\"https:\/\/www.freie-waehler-st-georgen.de\/stg\/image009\/\" data-orig-file=\"https:\/\/i0.wp.com\/www.freie-waehler-st-georgen.de\/stg\/wp-content\/uploads\/2018\/11\/image009.jpg?fit=431%2C336&amp;ssl=1\" data-orig-size=\"431,336\" data-comments-opened=\"1\" data-image-meta=\"{&quot;aperture&quot;:&quot;0&quot;,&quot;credit&quot;:&quot;&quot;,&quot;camera&quot;:&quot;&quot;,&quot;caption&quot;:&quot;&quot;,&quot;created_timestamp&quot;:&quot;0&quot;,&quot;copyright&quot;:&quot;&quot;,&quot;focal_length&quot;:&quot;0&quot;,&quot;iso&quot;:&quot;0&quot;,&quot;shutter_speed&quot;:&quot;0&quot;,&quot;title&quot;:&quot;&quot;,&quot;orientation&quot;:&quot;0&quot;}\" data-image-title=\"image009\" data-image-description=\"\" data-image-caption=\"\" data-medium-file=\"https:\/\/i0.wp.com\/www.freie-waehler-st-georgen.de\/stg\/wp-content\/uploads\/2018\/11\/image009.jpg?fit=300%2C234&amp;ssl=1\" data-large-file=\"https:\/\/i0.wp.com\/www.freie-waehler-st-georgen.de\/stg\/wp-content\/uploads\/2018\/11\/image009.jpg?fit=431%2C336&amp;ssl=1\" class=\"alignnone size-full wp-image-498\" src=\"https:\/\/i0.wp.com\/www.freie-waehler-st-georgen.de\/stg\/wp-content\/uploads\/2018\/11\/kleiner-joachim-2014.jpg?resize=189%2C189&#038;ssl=1\" alt=\"Kleiner Joachim 2014\" width=\"189\" height=\"189\" \/><br \/>Schwarzwaldstr. 4<br \/>Tel. 07724 \/ 1698<\/p>\n<h2>Schriftf\u00fchrerin<\/h2>\n<h3>Marleen Detta<\/h3>\n<p><img data-recalc-dims=\"1\" loading=\"lazy\" decoding=\"async\" data-attachment-id=\"13991\" data-permalink=\"https:\/\/www.freie-waehler-st-georgen.de\/stg\/detta-1q\/\" data-orig-file=\"https:\/\/i0.wp.com\/www.freie-waehler-st-georgen.de\/stg\/wp-content\/uploads\/2024\/04\/Detta-1q-scaled.jpg?fit=2560%2C2560&amp;ssl=1\" data-orig-size=\"2560,2560\" data-comments-opened=\"0\" data-image-meta=\"{&quot;aperture&quot;:&quot;2&quot;,&quot;credit&quot;:&quot;&quot;,&quot;camera&quot;:&quot;ILCE-7M3&quot;,&quot;caption&quot;:&quot;&quot;,&quot;created_timestamp&quot;:&quot;1710681124&quot;,&quot;copyright&quot;:&quot;&quot;,&quot;focal_length&quot;:&quot;35&quot;,&quot;iso&quot;:&quot;800&quot;,&quot;shutter_speed&quot;:&quot;0.0015625&quot;,&quot;title&quot;:&quot;&quot;,&quot;orientation&quot;:&quot;0&quot;}\" data-image-title=\"Detta-1q\" data-image-description=\"\" data-image-caption=\"\" data-medium-file=\"https:\/\/i0.wp.com\/www.freie-waehler-st-georgen.de\/stg\/wp-content\/uploads\/2024\/04\/Detta-1q-scaled.jpg?fit=300%2C300&amp;ssl=1\" data-large-file=\"https:\/\/i0.wp.com\/www.freie-waehler-st-georgen.de\/stg\/wp-content\/uploads\/2024\/04\/Detta-1q-scaled.jpg?fit=825%2C825&amp;ssl=1\" class=\"alignnone wp-image-13991 size-medium\" src=\"https:\/\/i0.wp.com\/www.freie-waehler-st-georgen.de\/stg\/wp-content\/uploads\/2024\/04\/Detta-1q.jpg?resize=300%2C300&#038;ssl=1\" alt=\"\" width=\"300\" height=\"300\" srcset=\"https:\/\/i0.wp.com\/www.freie-waehler-st-georgen.de\/stg\/wp-content\/uploads\/2024\/04\/Detta-1q-scaled.jpg?resize=300%2C300&amp;ssl=1 300w, https:\/\/i0.wp.com\/www.freie-waehler-st-georgen.de\/stg\/wp-content\/uploads\/2024\/04\/Detta-1q-scaled.jpg?resize=1024%2C1024&amp;ssl=1 1024w, https:\/\/i0.wp.com\/www.freie-waehler-st-georgen.de\/stg\/wp-content\/uploads\/2024\/04\/Detta-1q-scaled.jpg?resize=150%2C150&amp;ssl=1 150w, https:\/\/i0.wp.com\/www.freie-waehler-st-georgen.de\/stg\/wp-content\/uploads\/2024\/04\/Detta-1q-scaled.jpg?resize=768%2C768&amp;ssl=1 768w, https:\/\/i0.wp.com\/www.freie-waehler-st-georgen.de\/stg\/wp-content\/uploads\/2024\/04\/Detta-1q-scaled.jpg?resize=1536%2C1536&amp;ssl=1 1536w, https:\/\/i0.wp.com\/www.freie-waehler-st-georgen.de\/stg\/wp-content\/uploads\/2024\/04\/Detta-1q-scaled.jpg?resize=2048%2C2048&amp;ssl=1 2048w, https:\/\/i0.wp.com\/www.freie-waehler-st-georgen.de\/stg\/wp-content\/uploads\/2024\/04\/Detta-1q-scaled.jpg?resize=180%2C180&amp;ssl=1 180w, https:\/\/i0.wp.com\/www.freie-waehler-st-georgen.de\/stg\/wp-content\/uploads\/2024\/04\/Detta-1q-scaled.jpg?w=1650&amp;ssl=1 1650w, https:\/\/i0.wp.com\/www.freie-waehler-st-georgen.de\/stg\/wp-content\/uploads\/2024\/04\/Detta-1q-scaled.jpg?w=2475&amp;ssl=1 2475w\" sizes=\"auto, (max-width: 300px) 100vw, 300px\" \/><\/p>\n<p>\u00a0<\/p>\n<h2>Kassierer<\/h2>\n<h3>Thomas Strasser<\/h3>\n\n\n<figure class=\"wp-block-image size-large is-resized\"><img data-recalc-dims=\"1\" loading=\"lazy\" decoding=\"async\" width=\"825\" height=\"825\" data-attachment-id=\"14009\" data-permalink=\"https:\/\/www.freie-waehler-st-georgen.de\/stg\/strasser-1q\/\" data-orig-file=\"https:\/\/i0.wp.com\/www.freie-waehler-st-georgen.de\/stg\/wp-content\/uploads\/2024\/04\/Strasser-1q-scaled.jpg?fit=2560%2C2560&amp;ssl=1\" data-orig-size=\"2560,2560\" data-comments-opened=\"0\" data-image-meta=\"{&quot;aperture&quot;:&quot;2&quot;,&quot;credit&quot;:&quot;&quot;,&quot;camera&quot;:&quot;ILCE-7M3&quot;,&quot;caption&quot;:&quot;&quot;,&quot;created_timestamp&quot;:&quot;1710672231&quot;,&quot;copyright&quot;:&quot;&quot;,&quot;focal_length&quot;:&quot;35&quot;,&quot;iso&quot;:&quot;640&quot;,&quot;shutter_speed&quot;:&quot;0.00125&quot;,&quot;title&quot;:&quot;&quot;,&quot;orientation&quot;:&quot;0&quot;}\" data-image-title=\"Strasser-1q\" data-image-description=\"\" data-image-caption=\"\" data-medium-file=\"https:\/\/i0.wp.com\/www.freie-waehler-st-georgen.de\/stg\/wp-content\/uploads\/2024\/04\/Strasser-1q-scaled.jpg?fit=300%2C300&amp;ssl=1\" data-large-file=\"https:\/\/i0.wp.com\/www.freie-waehler-st-georgen.de\/stg\/wp-content\/uploads\/2024\/04\/Strasser-1q-scaled.jpg?fit=825%2C825&amp;ssl=1\" src=\"https:\/\/i0.wp.com\/www.freie-waehler-st-georgen.de\/stg\/wp-content\/uploads\/2024\/04\/Strasser-1q.jpg?resize=825%2C825&#038;ssl=1\" alt=\"\" class=\"wp-image-14009\" style=\"aspect-ratio:1;object-fit:cover;width:300px\" srcset=\"https:\/\/i0.wp.com\/www.freie-waehler-st-georgen.de\/stg\/wp-content\/uploads\/2024\/04\/Strasser-1q-scaled.jpg?resize=1024%2C1024&amp;ssl=1 1024w, https:\/\/i0.wp.com\/www.freie-waehler-st-georgen.de\/stg\/wp-content\/uploads\/2024\/04\/Strasser-1q-scaled.jpg?resize=300%2C300&amp;ssl=1 300w, https:\/\/i0.wp.com\/www.freie-waehler-st-georgen.de\/stg\/wp-content\/uploads\/2024\/04\/Strasser-1q-scaled.jpg?resize=150%2C150&amp;ssl=1 150w, https:\/\/i0.wp.com\/www.freie-waehler-st-georgen.de\/stg\/wp-content\/uploads\/2024\/04\/Strasser-1q-scaled.jpg?resize=768%2C768&amp;ssl=1 768w, https:\/\/i0.wp.com\/www.freie-waehler-st-georgen.de\/stg\/wp-content\/uploads\/2024\/04\/Strasser-1q-scaled.jpg?resize=1536%2C1536&amp;ssl=1 1536w, https:\/\/i0.wp.com\/www.freie-waehler-st-georgen.de\/stg\/wp-content\/uploads\/2024\/04\/Strasser-1q-scaled.jpg?resize=2048%2C2048&amp;ssl=1 2048w, https:\/\/i0.wp.com\/www.freie-waehler-st-georgen.de\/stg\/wp-content\/uploads\/2024\/04\/Strasser-1q-scaled.jpg?resize=180%2C180&amp;ssl=1 180w, https:\/\/i0.wp.com\/www.freie-waehler-st-georgen.de\/stg\/wp-content\/uploads\/2024\/04\/Strasser-1q-scaled.jpg?w=1650&amp;ssl=1 1650w, https:\/\/i0.wp.com\/www.freie-waehler-st-georgen.de\/stg\/wp-content\/uploads\/2024\/04\/Strasser-1q-scaled.jpg?w=2475&amp;ssl=1 2475w\" sizes=\"auto, (max-width: 825px) 100vw, 825px\" \/><\/figure>\n\n\n\n<p>Sch\u00f6nblickstr. 43<br>Tel. 07724 \/ 9180813<\/p>\n\n\n\n<p><\/p>\n","protected":false},"excerpt":{"rendered":"<p>Der Vorstand der Freien W\u00e4hler St. Georgen\/Schwarzwald setzt sich zusammen aus den beiden Vorsitzenden, der Schriftf\u00fchrerin und dem Kassierer. Diese werden in regelm\u00e4\u00dfigen Abst\u00e4nden von den Mitgliedern gew\u00e4hlt. Vorsitzende Karola&hellip; <a href=\"https:\/\/www.freie-waehler-st-georgen.de\/stg\/ueber-uns\/vorstand\/\" class=\"more-link\">Weiterlesen <span class=\"screen-reader-text\">Vorstand<\/span><\/a><\/p>\n","protected":false},"author":1,"featured_media":0,"parent":38,"menu_order":0,"comment_status":"closed","ping_status":"closed","template":"templates\/full-width-page.php","meta":{"jetpack_post_was_ever_published":false,"footnotes":""},"tags":[],"class_list":["post-40","page","type-page","status-publish","hentry","without-featured-image"],"jetpack_sharing_enabled":true,"jetpack_shortlink":"https:\/\/wp.me\/PavDeY-E","jetpack-related-posts":[],"_links":{"self":[{"href":"https:\/\/www.freie-waehler-st-georgen.de\/stg\/wp-json\/wp\/v2\/pages\/40","targetHints":{"allow":["GET"]}}],"collection":[{"href":"https:\/\/www.freie-waehler-st-georgen.de\/stg\/wp-json\/wp\/v2\/pages"}],"about":[{"href":"https:\/\/www.freie-waehler-st-georgen.de\/stg\/wp-json\/wp\/v2\/types\/page"}],"author":[{"embeddable":true,"href":"https:\/\/www.freie-waehler-st-georgen.de\/stg\/wp-json\/wp\/v2\/users\/1"}],"replies":[{"embeddable":true,"href":"https:\/\/www.freie-waehler-st-georgen.de\/stg\/wp-json\/wp\/v2\/comments?post=40"}],"version-history":[{"count":9,"href":"https:\/\/www.freie-waehler-st-georgen.de\/stg\/wp-json\/wp\/v2\/pages\/40\/revisions"}],"predecessor-version":[{"id":15479,"href":"https:\/\/www.freie-waehler-st-georgen.de\/stg\/wp-json\/wp\/v2\/pages\/40\/revisions\/15479"}],"up":[{"embeddable":true,"href":"https:\/\/www.freie-waehler-st-georgen.de\/stg\/wp-json\/wp\/v2\/pages\/38"}],"wp:attachment":[{"href":"https:\/\/www.freie-waehler-st-georgen.de\/stg\/wp-json\/wp\/v2\/media?parent=40"}],"wp:term":[{"taxonomy":"post_tag","embeddable":true,"href":"https:\/\/www.freie-waehler-st-georgen.de\/stg\/wp-json\/wp\/v2\/tags?post=40"}],"curies":[{"name":"wp","href":"https:\/\/api.w.org\/{rel}","templated":true}]}}