{"id":389,"date":"2018-03-29T10:12:25","date_gmt":"2018-03-29T08:12:25","guid":{"rendered":"https:\/\/sandbuehl.wordpress.com\/?page_id=389"},"modified":"2024-12-15T20:32:55","modified_gmt":"2024-12-15T19:32:55","slug":"download","status":"publish","type":"page","link":"https:\/\/www.freie-waehler-st-georgen.de\/stg\/ueber-uns\/download\/","title":{"rendered":"Download"},"content":{"rendered":"\n<p><a rel=\"noopener noreferrer\" href=\"https:\/\/www.freie-waehler-st-georgen.de\/stg\/wp-content\/uploads\/2018\/12\/Vereinssatzung_2012_modernisiert_2018.pdf\" target=\"_blank\">Vereinssatzung<\/a><\/p>\n\n\n\n<p><a href=\"https:\/\/www.freie-waehler-st-georgen.de\/stg\/wp-content\/uploads\/2023\/09\/FW-StG-Beitrittserklaerung-30.03.2023.pdf\" target=\"_blank\" rel=\"noreferrer noopener\">FW StG Beitrittserkl\u00e4rung<\/a><\/p>\n\n\n\n<p><a href=\"https:\/\/www.freie-waehler-st-georgen.de\/stg\/wp-content\/uploads\/2024\/12\/Haushaltsrede-fuer-2025.pdf\" data-type=\"attachment\" data-id=\"14881\">Haushaltsrede f\u00fcr 2025 der Fraktionssprecherin<\/a><\/p>\n\n\n\n<p><a href=\"https:\/\/www.freie-waehler-st-georgen.de\/stg\/wp-content\/uploads\/2022\/12\/Neujahrsgruesse_fuer_2023.pdf\">Neujahrsgr\u00fc\u00dfe des Vorstands  f\u00fcr 2023<\/a><\/p>\n\n\n\n<p><a href=\"https:\/\/www.freie-waehler-st-georgen.de\/stg\/wp-content\/uploads\/2022\/12\/Bericht-Fraktionssprecher-2022_final.pdf\">Haushaltsrede 2023 der Fraktionssprecherin<\/a><\/p>\n\n\n\n<p><a rel=\"noreferrer noopener\" href=\"https:\/\/www.freie-waehler-st-georgen.de\/stg\/wp-content\/uploads\/2022\/06\/50TdP_Plakat_2022-06-10_final-1.pdf\" data-type=\"URL\" data-id=\"https:\/\/www.freie-waehler-st-georgen.de\/stg\/wp-content\/uploads\/2022\/06\/50TdP_Plakat_2022-06-10_final-1.pdf\" target=\"_blank\">Plakat <em>Einladung zum Jubil\u00e4um 50 Jahre Trimm-Dich-Pfad<\/em><\/a><\/p>\n\n\n\n<p><a rel=\"noreferrer noopener\" href=\"https:\/\/www.freie-waehler-st-georgen.de\/stg\/wp-content\/uploads\/2021\/12\/HH-Rede_final-2022.pdf\" target=\"_blank\">Haushaltsrede 2022 der Fraktionssprecherin<\/a><\/p>\n\n\n\n<p><a rel=\"noreferrer noopener\" href=\"https:\/\/www.freie-waehler-st-georgen.de\/stg\/wp-content\/uploads\/2021\/11\/Neujahrsgruesse_fuer_2022.pdf\" data-type=\"URL\" data-id=\"Mitgliederbrief \/ Adventsgr\u00fc\u00dfe 2021\" target=\"_blank\">Mitgliederbrief \/ Adventsgr\u00fc\u00dfe 2021<\/a><\/p>\n\n\n\n<div class=\"wp-block-group is-nowrap is-layout-flex wp-container-core-group-is-layout-ad2f72ca wp-block-group-is-layout-flex\">\n<p><a href=\"https:\/\/www.freie-waehler-st-georgen.de\/stg\/wp-content\/uploads\/2020\/11\/Neujahrsgruesse_fuer_2021_V1.pdf\" data-type=\"URL\" data-id=\"https:\/\/www.freie-waehler-st-georgen.de\/stg\/wp-content\/uploads\/2020\/11\/Neujahrsgruesse_fuer_2021_V1.pdf\">Neujahrsgr\u00fc\u00dfe f\u00fcr 2021<\/a><\/p>\n\n\n\n<p><a href=\"https:\/\/www.freie-waehler-st-georgen.de\/stg\/wp-content\/uploads\/2020\/12\/HH-Rede-FW-2020.pdf\">Haushaltsrede 2021 der Fraktionssprecherin<\/a><\/p>\n<\/div>\n\n\n\n<p><a href=\"https:\/\/www.freie-waehler-st-georgen.de\/stg\/wp-content\/uploads\/2019\/12\/Neujahrsgr\u00fc\u00dfe_f\u00fcr_2020.pdf\">Neujahrsgr\u00fc\u00dfe des Vorstands f\u00fcr 2020<\/a><\/p>\n\n\n\n<p><a href=\"https:\/\/www.freie-waehler-st-georgen.de\/stg\/wp-content\/uploads\/2019\/12\/Haushaltsrede_2020-Freie-W\u00e4hler-191211.pdf\">Haushaltsrede 2020 der Fraktionssprecherin<\/a><\/p>\n\n\n\n<p><\/p>\n","protected":false},"excerpt":{"rendered":"<p>Vereinssatzung FW StG Beitrittserkl\u00e4rung Haushaltsrede f\u00fcr 2025 der Fraktionssprecherin Neujahrsgr\u00fc\u00dfe des Vorstands f\u00fcr 2023 Haushaltsrede 2023 der Fraktionssprecherin Plakat Einladung zum Jubil\u00e4um 50 Jahre Trimm-Dich-Pfad Haushaltsrede 2022 der Fraktionssprecherin Mitgliederbrief&hellip; <a href=\"https:\/\/www.freie-waehler-st-georgen.de\/stg\/ueber-uns\/download\/\" class=\"more-link\">Weiterlesen <span class=\"screen-reader-text\">Download<\/span><\/a><\/p>\n","protected":false},"author":1,"featured_media":4970,"parent":38,"menu_order":1,"comment_status":"closed","ping_status":"closed","template":"templates\/full-width-page.php","meta":{"jetpack_post_was_ever_published":false,"footnotes":""},"tags":[],"class_list":["post-389","page","type-page","status-publish","has-post-thumbnail","hentry","without-featured-image"],"jetpack_sharing_enabled":false,"jetpack_shortlink":"https:\/\/wp.me\/PavDeY-6h","jetpack-related-posts":[],"_links":{"self":[{"href":"https:\/\/www.freie-waehler-st-georgen.de\/stg\/wp-json\/wp\/v2\/pages\/389","targetHints":{"allow":["GET"]}}],"collection":[{"href":"https:\/\/www.freie-waehler-st-georgen.de\/stg\/wp-json\/wp\/v2\/pages"}],"about":[{"href":"https:\/\/www.freie-waehler-st-georgen.de\/stg\/wp-json\/wp\/v2\/types\/page"}],"author":[{"embeddable":true,"href":"https:\/\/www.freie-waehler-st-georgen.de\/stg\/wp-json\/wp\/v2\/users\/1"}],"replies":[{"embeddable":true,"href":"https:\/\/www.freie-waehler-st-georgen.de\/stg\/wp-json\/wp\/v2\/comments?post=389"}],"version-history":[{"count":36,"href":"https:\/\/www.freie-waehler-st-georgen.de\/stg\/wp-json\/wp\/v2\/pages\/389\/revisions"}],"predecessor-version":[{"id":14886,"href":"https:\/\/www.freie-waehler-st-georgen.de\/stg\/wp-json\/wp\/v2\/pages\/389\/revisions\/14886"}],"up":[{"embeddable":true,"href":"https:\/\/www.freie-waehler-st-georgen.de\/stg\/wp-json\/wp\/v2\/pages\/38"}],"wp:featuredmedia":[{"embeddable":true,"href":"https:\/\/www.freie-waehler-st-georgen.de\/stg\/wp-json\/wp\/v2\/media\/4970"}],"wp:attachment":[{"href":"https:\/\/www.freie-waehler-st-georgen.de\/stg\/wp-json\/wp\/v2\/media?parent=389"}],"wp:term":[{"taxonomy":"post_tag","embeddable":true,"href":"https:\/\/www.freie-waehler-st-georgen.de\/stg\/wp-json\/wp\/v2\/tags?post=389"}],"curies":[{"name":"wp","href":"https:\/\/api.w.org\/{rel}","templated":true}]}}