{"id":38,"date":"2017-12-19T11:21:07","date_gmt":"2017-12-19T09:21:07","guid":{"rendered":"https:\/\/sandbuehl.wordpress.com\/?page_id=38"},"modified":"2018-12-06T10:17:36","modified_gmt":"2018-12-06T09:17:36","slug":"ueber-uns","status":"publish","type":"page","link":"https:\/\/www.freie-waehler-st-georgen.de\/stg\/ueber-uns\/","title":{"rendered":"\u00dcber uns"},"content":{"rendered":"<h2>Die Freien W\u00e4hler in Baden-W\u00fcrttemberg&#8230;<\/h2>\n<dl>\n<dt><b>&#8230;sind keine Partei<\/b><\/dt>\n<dd>Sie kandidieren weder f\u00fcr den Landtag noch f\u00fcr den Bundestag.<br \/>\nSie sind die Alternative zu den Parteien in den Kommunen.<\/dd>\n<dt><b>&#8230;haben kein landesweites Programm<\/b><\/dt>\n<dd>Und sind nicht an die Vorgaben von \u00fcbergeordneten Stellen gebunden.<br \/>\nSie entscheiden ohne Bindung an ein vorgegebenes Programm sondern nur nach \u00f6rtlichen Gesichtspunkten.<\/dd>\n<dt><b>&#8230;sind an der Basis der Demokratie t\u00e4tig<\/b><\/dt>\n<dd>Sie helfen Demokratie t\u00e4glich zu leben und zu erneuern.<br \/>\nSie tragen zur politischen Willensbildung des Volkes bei.<br \/>\nSie sind eine B\u00fcrgerinitiative auf Dauer.<\/dd>\n<dt><b>&#8230;organisieren sich in Ortsvereinen und Kreisverb\u00e4nden<\/b><\/dt>\n<dd>Ihr Landesverband ist Dachverband und Dienstleister aber keine \u00fcbergeordnete Organisation.<br \/>\nBei ihnen steht das Individuum im Vordergrund.<br \/>\nSie treten f\u00fcr den Erhalt der Pers\u00f6nlichkeitswahl ein.<\/dd>\n<dt><b>&#8230;stellen die meisten Gemeinder\u00e4te<\/b><\/dt>\n<dd>In den Kreistagen sind sie die zweitst\u00e4rkste Kraft.<\/dd>\n<dt><b>&#8230;sind offen f\u00fcr die Zusammenarbeit mit anderen<\/b><\/dt>\n<dd>Bei ihnen muss sich Niemand anpassen.<\/dd>\n<dd><\/dd>\n<\/dl>\n<p><a href=\"https:\/\/www.freie-waehler-st-georgen.de\/stg\/index.php\/ueber-uns\/vorstand\/\"><span style=\"color:blue;\"><u>Vorstand<\/u><\/span><\/a><\/p>\n<p><a href=\"https:\/\/www.freie-waehler-st-georgen.de\/stg\/index.php\/ueber-uns\/download\/\"><span style=\"color:blue;\"><u>Download<\/u><\/span><\/a><\/p>\n<p><a href=\"https:\/\/www.freie-waehler-st-georgen.de\/stg\/index.php\/ueber-uns\/ueber\/\"><span style=\"color:blue;\"><u>Impressum<\/u><\/span><\/a><\/p>\n<p><a href=\"https:\/\/www.freie-waehler-st-georgen.de\/stg\/index.php\/ueber-uns\/rechtliche-hinweise\/\"><span style=\"color:blue;\"><u>Rechtliche Hinweise<\/u><\/span><\/a><\/p>\n","protected":false},"excerpt":{"rendered":"<p>Die Freien W\u00e4hler in Baden-W\u00fcrttemberg&#8230; &#8230;sind keine Partei Sie kandidieren weder f\u00fcr den Landtag noch f\u00fcr den Bundestag. Sie sind die Alternative zu den Parteien in den Kommunen. &#8230;haben kein&hellip; <a href=\"https:\/\/www.freie-waehler-st-georgen.de\/stg\/ueber-uns\/\" class=\"more-link\">Weiterlesen <span class=\"screen-reader-text\">\u00dcber uns<\/span><\/a><\/p>\n","protected":false},"author":1,"featured_media":0,"parent":0,"menu_order":3,"comment_status":"closed","ping_status":"closed","template":"","meta":{"jetpack_post_was_ever_published":false,"footnotes":""},"tags":[],"class_list":["post-38","page","type-page","status-publish","hentry","without-featured-image"],"jetpack_sharing_enabled":true,"jetpack_shortlink":"https:\/\/wp.me\/PavDeY-C","jetpack-related-posts":[],"_links":{"self":[{"href":"https:\/\/www.freie-waehler-st-georgen.de\/stg\/wp-json\/wp\/v2\/pages\/38","targetHints":{"allow":["GET"]}}],"collection":[{"href":"https:\/\/www.freie-waehler-st-georgen.de\/stg\/wp-json\/wp\/v2\/pages"}],"about":[{"href":"https:\/\/www.freie-waehler-st-georgen.de\/stg\/wp-json\/wp\/v2\/types\/page"}],"author":[{"embeddable":true,"href":"https:\/\/www.freie-waehler-st-georgen.de\/stg\/wp-json\/wp\/v2\/users\/1"}],"replies":[{"embeddable":true,"href":"https:\/\/www.freie-waehler-st-georgen.de\/stg\/wp-json\/wp\/v2\/comments?post=38"}],"version-history":[{"count":1,"href":"https:\/\/www.freie-waehler-st-georgen.de\/stg\/wp-json\/wp\/v2\/pages\/38\/revisions"}],"predecessor-version":[{"id":675,"href":"https:\/\/www.freie-waehler-st-georgen.de\/stg\/wp-json\/wp\/v2\/pages\/38\/revisions\/675"}],"wp:attachment":[{"href":"https:\/\/www.freie-waehler-st-georgen.de\/stg\/wp-json\/wp\/v2\/media?parent=38"}],"wp:term":[{"taxonomy":"post_tag","embeddable":true,"href":"https:\/\/www.freie-waehler-st-georgen.de\/stg\/wp-json\/wp\/v2\/tags?post=38"}],"curies":[{"name":"wp","href":"https:\/\/api.w.org\/{rel}","templated":true}]}}