{"id":361,"date":"2018-02-06T08:13:29","date_gmt":"2018-02-06T07:13:29","guid":{"rendered":"https:\/\/sandbuehl.wordpress.com\/?page_id=361"},"modified":"2024-03-07T20:33:19","modified_gmt":"2024-03-07T19:33:19","slug":"ablauf-einer-sitzungswoche","status":"publish","type":"page","link":"https:\/\/www.freie-waehler-st-georgen.de\/stg\/kommunalpolitik\/ablauf-einer-sitzungswoche\/","title":{"rendered":"Ablauf einer Sitzungswoche"},"content":{"rendered":"<p>Mit Sicherheit haben Sie sich schon des \u00d6fteren gefragt:<\/p>\n<p>Was machen diese Gemeinder\u00e4te eigentlich einmal im Monat bei dieser sogenannten Gemeinderatssitzung?<\/p>\n<p>Sitzen die nur rum und quatschen gem\u00fctlich oder geht es dort auch mal so richtig zur Sache?<\/p>\n<p>Muss man sich hierf\u00fcr vorbereiten oder geht das alles ganz locker flockig von der Hand?<\/p>\n<p>Wir erkl\u00e4ren es Ihnen gerne:<\/p>\n<ul>\n<li>Zwei Wochen vor der Gemeinderatssitzung werden den Mitgliedern des Gemeinderats die notwendigen Unterlagen zugestellt, um sich vorzubereiten.<\/li>\n<li>Zun\u00e4chst gibt es vor fast jeder Gemeinderatssitzung eine sog. Fraktionssitzung. In dieser treffen sich die Fraktionen getrennt voneinander und beraten die kommenden Tagesordnungspunkte der anstehenden Sitzung.<\/li>\n<li>Ca. zwei Stunden vor der Fraktionssitzung erhalten die Fraktionsvorsitzenden letzte aktuelle Informationen direkt aus dem Rathaus. Diese Fraktionssitzungen sind \u00fcbrigens auch \u00f6ffentlich. Also schauen Sie hierzu doch einfach mal vorbei. Wer jetzt denkt, es gibt in unserem St\u00e4dtchen interne Absprachen, den m\u00fcssen wir leider entt\u00e4uschen.<\/li>\n<li>Sind fraktionsintern alle Fragen gekl\u00e4rt, kann es am darauffolgenden Mittwoch in die Gemeinderatssitzung gehen.<\/li>\n<li>Hier beginnt die Sitzung i. d. R. mit einem \u00f6ffentlichen Teil, zu dem wir Sie erneut einladen.<\/li>\n<li>Der B\u00fcrgermeister geht gemeinsam mit der Rathausverwaltung die einzelnen Tagesordnungspunkte durch. Jedes Mitglied hat das Recht, sich stets frei zu \u00e4u\u00dfern. Nat\u00fcrlich kommt es in dem einen oder anderen Fall zu neuen Vorschl\u00e4gen oder auch zur Ablehnung und\/oder Vertagung eines Tagesordnungspunktes. Aber wir k\u00f6nnen f\u00fcr St. Georgen durchaus sagen, dass auf einem angenehmen Niveau debattiert wird, und wir uns meistens auch einig sind.<\/li>\n<li>Mit einer sog. Beschlussvorlage wird \u00fcber fast jeden Tagesordnungspunkt abgestimmt. Hierbei hat jedes Mitglied, sowie der Vorsitzende B\u00fcrgermeister eine Stimme.<\/li>\n<li>Alles, was wir \u00f6ffentlich besprochen haben, k\u00f6nnen Sie an den Folgetagen in unseren beiden Tageszeitungen nachlesen.<\/li>\n<li>Achja, vor der Fraktions- und auch Gemeinderatssitzung besch\u00e4ftigt sich nat\u00fcrlich jedes Mitglied mit der Tagesordnung und den Unterlagen.<\/li>\n<\/ul>\n<p>Wir k\u00f6nnten noch viel mehr \u00fcber unsere Sitzungen preisgeben, aber machen Sie sich hierzu doch einfach mal selbst ein Bild.<\/p>\n<p>Besuchen Sie eine unsere Fraktionssitzungen oder kommen Sie an einem Mittwoch einfach mal im Rathaus vorbei und lauschen unseren meist interessanten Themen und Diskussionen. Die Termine finden Sie <a href=\"https:\/\/www.freie-waehler-st-georgen.de\/stg\/events\/\">hier!<\/a><\/p>\n","protected":false},"excerpt":{"rendered":"<p>Mit Sicherheit haben Sie sich schon des \u00d6fteren gefragt: Was machen diese Gemeinder\u00e4te eigentlich einmal im Monat bei dieser sogenannten Gemeinderatssitzung? Sitzen die nur rum und quatschen gem\u00fctlich oder geht&hellip; <a href=\"https:\/\/www.freie-waehler-st-georgen.de\/stg\/kommunalpolitik\/ablauf-einer-sitzungswoche\/\" class=\"more-link\">Weiterlesen <span class=\"screen-reader-text\">Ablauf einer Sitzungswoche<\/span><\/a><\/p>\n","protected":false},"author":1,"featured_media":0,"parent":67,"menu_order":0,"comment_status":"closed","ping_status":"closed","template":"templates\/full-width-page.php","meta":{"jetpack_post_was_ever_published":false,"footnotes":""},"tags":[],"class_list":["post-361","page","type-page","status-publish","hentry","without-featured-image"],"jetpack_sharing_enabled":true,"jetpack_shortlink":"https:\/\/wp.me\/PavDeY-5P","jetpack-related-posts":[],"_links":{"self":[{"href":"https:\/\/www.freie-waehler-st-georgen.de\/stg\/wp-json\/wp\/v2\/pages\/361","targetHints":{"allow":["GET"]}}],"collection":[{"href":"https:\/\/www.freie-waehler-st-georgen.de\/stg\/wp-json\/wp\/v2\/pages"}],"about":[{"href":"https:\/\/www.freie-waehler-st-georgen.de\/stg\/wp-json\/wp\/v2\/types\/page"}],"author":[{"embeddable":true,"href":"https:\/\/www.freie-waehler-st-georgen.de\/stg\/wp-json\/wp\/v2\/users\/1"}],"replies":[{"embeddable":true,"href":"https:\/\/www.freie-waehler-st-georgen.de\/stg\/wp-json\/wp\/v2\/comments?post=361"}],"version-history":[{"count":8,"href":"https:\/\/www.freie-waehler-st-georgen.de\/stg\/wp-json\/wp\/v2\/pages\/361\/revisions"}],"predecessor-version":[{"id":13560,"href":"https:\/\/www.freie-waehler-st-georgen.de\/stg\/wp-json\/wp\/v2\/pages\/361\/revisions\/13560"}],"up":[{"embeddable":true,"href":"https:\/\/www.freie-waehler-st-georgen.de\/stg\/wp-json\/wp\/v2\/pages\/67"}],"wp:attachment":[{"href":"https:\/\/www.freie-waehler-st-georgen.de\/stg\/wp-json\/wp\/v2\/media?parent=361"}],"wp:term":[{"taxonomy":"post_tag","embeddable":true,"href":"https:\/\/www.freie-waehler-st-georgen.de\/stg\/wp-json\/wp\/v2\/tags?post=361"}],"curies":[{"name":"wp","href":"https:\/\/api.w.org\/{rel}","templated":true}]}}