{"id":12475,"date":"2023-02-21T20:06:45","date_gmt":"2023-02-21T19:06:45","guid":{"rendered":"https:\/\/www.freie-waehler-st-georgen.de\/stg\/?page_id=12475"},"modified":"2023-02-21T21:23:20","modified_gmt":"2023-02-21T20:23:20","slug":"crossiety","status":"publish","type":"page","link":"https:\/\/www.freie-waehler-st-georgen.de\/stg\/crossiety\/","title":{"rendered":"Crossiety"},"content":{"rendered":"\n<p>St. Georgen bietet f\u00fcr seine B\u00fcrgerschaft eine Stadt-App an. Die Freien W\u00e4hler St. Georgen \/ Schwarzwald sind hier nat\u00fcrlich auch pr\u00e4sent. Hier sehen Sie unsere Beitr\u00e4ge:<\/p>\n\n\n\n<p><strong>Neuigkeiten:<\/strong> <\/p>\n\n\n\n<p><a href=\"https:\/\/www.freie-waehler-st-georgen.de\/stg\/crossiety-neuigkeiten\/\" data-type=\"page\" data-id=\"12494\">Crossiety \u2013 Neuigkeiten<\/a><\/p>\n\n\n\n<p><strong>Events:<\/strong><\/p>\n\n\n\n<p><a href=\"https:\/\/www.freie-waehler-st-georgen.de\/stg\/crossiety-events\/\" data-type=\"page\" data-id=\"12497\">Crossiety \u2013 Events<\/a><\/p>\n","protected":false},"excerpt":{"rendered":"<p>St. Georgen bietet f\u00fcr seine B\u00fcrgerschaft eine Stadt-App an. Die Freien W\u00e4hler St. Georgen \/ Schwarzwald sind hier nat\u00fcrlich auch pr\u00e4sent. Hier sehen Sie unsere Beitr\u00e4ge: Neuigkeiten: Crossiety \u2013 Neuigkeiten&hellip; <a href=\"https:\/\/www.freie-waehler-st-georgen.de\/stg\/crossiety\/\" class=\"more-link\">Weiterlesen <span class=\"screen-reader-text\">Crossiety<\/span><\/a><\/p>\n","protected":false},"author":1,"featured_media":0,"parent":0,"menu_order":0,"comment_status":"closed","ping_status":"closed","template":"","meta":{"jetpack_post_was_ever_published":false,"footnotes":""},"tags":[],"class_list":["post-12475","page","type-page","status-publish","hentry","without-featured-image"],"jetpack_sharing_enabled":true,"jetpack_shortlink":"https:\/\/wp.me\/PavDeY-3fd","jetpack-related-posts":[],"_links":{"self":[{"href":"https:\/\/www.freie-waehler-st-georgen.de\/stg\/wp-json\/wp\/v2\/pages\/12475","targetHints":{"allow":["GET"]}}],"collection":[{"href":"https:\/\/www.freie-waehler-st-georgen.de\/stg\/wp-json\/wp\/v2\/pages"}],"about":[{"href":"https:\/\/www.freie-waehler-st-georgen.de\/stg\/wp-json\/wp\/v2\/types\/page"}],"author":[{"embeddable":true,"href":"https:\/\/www.freie-waehler-st-georgen.de\/stg\/wp-json\/wp\/v2\/users\/1"}],"replies":[{"embeddable":true,"href":"https:\/\/www.freie-waehler-st-georgen.de\/stg\/wp-json\/wp\/v2\/comments?post=12475"}],"version-history":[{"count":12,"href":"https:\/\/www.freie-waehler-st-georgen.de\/stg\/wp-json\/wp\/v2\/pages\/12475\/revisions"}],"predecessor-version":[{"id":12504,"href":"https:\/\/www.freie-waehler-st-georgen.de\/stg\/wp-json\/wp\/v2\/pages\/12475\/revisions\/12504"}],"wp:attachment":[{"href":"https:\/\/www.freie-waehler-st-georgen.de\/stg\/wp-json\/wp\/v2\/media?parent=12475"}],"wp:term":[{"taxonomy":"post_tag","embeddable":true,"href":"https:\/\/www.freie-waehler-st-georgen.de\/stg\/wp-json\/wp\/v2\/tags?post=12475"}],"curies":[{"name":"wp","href":"https:\/\/api.w.org\/{rel}","templated":true}]}}