{"id":104,"date":"2017-12-18T17:21:32","date_gmt":"2017-12-18T16:21:32","guid":{"rendered":"https:\/\/sandbuehl.wordpress.com\/?page_id=5"},"modified":"2023-02-21T19:54:03","modified_gmt":"2023-02-21T18:54:03","slug":"startseite","status":"publish","type":"page","link":"https:\/\/www.freie-waehler-st-georgen.de\/stg\/","title":{"rendered":"Herzlich Willkommen!"},"content":{"rendered":"\n<p>Ein herzliches Willkommen auf unserer Website! Die Freien W\u00e4hler St. Georgen stellen sich Ihnen vor und laden Sie ein, uns kennenzulernen!<\/p>\n\n\n\n<p>Z\u00f6gern Sie nicht und durchst\u00f6bern Sie unsere Homepage. Gerne k\u00f6nnen Sie uns auch n\u00e4her und pers\u00f6nlich kennenlernen: Schreiben Sie uns oder kommen Sie vorbei zu einer unserer Veranstaltungen. \u00dcbrigens sind s\u00e4mtliche Fraktionssitzungen \u00f6ffentlich.<\/p>\n\n\n\n<p>Wir freuen uns auf Sie!<\/p>\n\n\n\n<p>Ihre Freien W\u00e4hler St. Georgen \/ Schwarzwald e. V.<\/p>\n\n\n\n<hr class=\"wp-block-separator has-alpha-channel-opacity\"\/>\n\n\n\n<p>Liebe Besucher:Innen,<\/p>\n\n\n\n<p>Neuigkeiten finden Sie wie immer unter der Ruprik <strong><a href=\"https:\/\/www.freie-waehler-st-georgen.de\/stg\/blog\/\" data-type=\"page\" data-id=\"105\">BLOG<\/a><\/strong>. Viel Spa\u00df beim Lesen und Informieren!<\/p>\n\n\n\n<p><\/p><p style=\"font-size:10px\">Quelle Headerfoto: Freie W\u00e4hler<\/p><p><\/p>\n","protected":false},"excerpt":{"rendered":"<p>Ein herzliches Willkommen auf unserer Website! Die Freien W\u00e4hler St. Georgen stellen sich Ihnen vor und laden Sie ein, uns kennenzulernen! Z\u00f6gern Sie nicht und durchst\u00f6bern Sie unsere Homepage. Gerne&hellip; <a href=\"https:\/\/www.freie-waehler-st-georgen.de\/stg\/\" class=\"more-link\">Weiterlesen <span class=\"screen-reader-text\">Herzlich Willkommen!<\/span><\/a><\/p>\n","protected":false},"author":1,"featured_media":0,"parent":0,"menu_order":0,"comment_status":"closed","ping_status":"closed","template":"templates\/full-width-page.php","meta":{"jetpack_post_was_ever_published":false,"footnotes":""},"tags":[],"class_list":["post-104","page","type-page","status-publish","hentry","without-featured-image"],"jetpack_sharing_enabled":false,"jetpack_shortlink":"https:\/\/wp.me\/PavDeY-1G","jetpack-related-posts":[],"_links":{"self":[{"href":"https:\/\/www.freie-waehler-st-georgen.de\/stg\/wp-json\/wp\/v2\/pages\/104","targetHints":{"allow":["GET"]}}],"collection":[{"href":"https:\/\/www.freie-waehler-st-georgen.de\/stg\/wp-json\/wp\/v2\/pages"}],"about":[{"href":"https:\/\/www.freie-waehler-st-georgen.de\/stg\/wp-json\/wp\/v2\/types\/page"}],"author":[{"embeddable":true,"href":"https:\/\/www.freie-waehler-st-georgen.de\/stg\/wp-json\/wp\/v2\/users\/1"}],"replies":[{"embeddable":true,"href":"https:\/\/www.freie-waehler-st-georgen.de\/stg\/wp-json\/wp\/v2\/comments?post=104"}],"version-history":[{"count":66,"href":"https:\/\/www.freie-waehler-st-georgen.de\/stg\/wp-json\/wp\/v2\/pages\/104\/revisions"}],"predecessor-version":[{"id":12472,"href":"https:\/\/www.freie-waehler-st-georgen.de\/stg\/wp-json\/wp\/v2\/pages\/104\/revisions\/12472"}],"wp:attachment":[{"href":"https:\/\/www.freie-waehler-st-georgen.de\/stg\/wp-json\/wp\/v2\/media?parent=104"}],"wp:term":[{"taxonomy":"post_tag","embeddable":true,"href":"https:\/\/www.freie-waehler-st-georgen.de\/stg\/wp-json\/wp\/v2\/tags?post=104"}],"curies":[{"name":"wp","href":"https:\/\/api.w.org\/{rel}","templated":true}]}}