{"id":101,"date":"2017-12-18T18:21:35","date_gmt":"2017-12-18T16:21:35","guid":{"rendered":"https:\/\/sandbuehl.wordpress.com\/?page_id=2"},"modified":"2023-04-01T22:19:30","modified_gmt":"2023-04-01T20:19:30","slug":"ueber","status":"publish","type":"page","link":"https:\/\/www.freie-waehler-st-georgen.de\/stg\/ueber-uns\/ueber\/","title":{"rendered":"Impressum"},"content":{"rendered":"<p>Anbieter dieses Internetauftritts im Rechtssinne ist<br \/>\nFreie\u00a0W\u00e4hler St.\u00a0Georgen \/ Schwarzwald\u00a0e.V.<\/p>\n<p>Inhaltlich Verantwortlicher gem\u00e4\u00df \u00a76 MDStV:<br \/>\nKarola Erchinger<\/p>\n<p>Vertretungsberechtigter Vorstand<br \/>\nKarola Erchinger<br \/>\nJoachim Kleiner<\/p>\n<p>Registergericht: Amtsgericht Villingen-Schwenningen<br \/>\nRegisternummer: VR 823<\/p>\n<p>Haftungshinweis: Trotz sorgf\u00e4ltiger Kontrolle \u00fcbernehmen wir keine Haftung f\u00fcr Inhalte externer Links.<\/p>\n","protected":false},"excerpt":{"rendered":"<p>Anbieter dieses Internetauftritts im Rechtssinne ist Freie\u00a0W\u00e4hler St.\u00a0Georgen \/ Schwarzwald\u00a0e.V. Inhaltlich Verantwortlicher gem\u00e4\u00df \u00a76 MDStV: Karola Erchinger Vertretungsberechtigter Vorstand Karola Erchinger Joachim Kleiner Registergericht: Amtsgericht Villingen-Schwenningen Registernummer: VR 823 Haftungshinweis:&hellip; <a href=\"https:\/\/www.freie-waehler-st-georgen.de\/stg\/ueber-uns\/ueber\/\" class=\"more-link\">Weiterlesen <span class=\"screen-reader-text\">Impressum<\/span><\/a><\/p>\n","protected":false},"author":1,"featured_media":0,"parent":38,"menu_order":1,"comment_status":"closed","ping_status":"closed","template":"templates\/full-width-page.php","meta":{"jetpack_post_was_ever_published":false,"footnotes":""},"tags":[],"class_list":["post-101","page","type-page","status-publish","hentry","without-featured-image"],"jetpack_sharing_enabled":false,"jetpack_shortlink":"https:\/\/wp.me\/PavDeY-1D","jetpack-related-posts":[],"_links":{"self":[{"href":"https:\/\/www.freie-waehler-st-georgen.de\/stg\/wp-json\/wp\/v2\/pages\/101","targetHints":{"allow":["GET"]}}],"collection":[{"href":"https:\/\/www.freie-waehler-st-georgen.de\/stg\/wp-json\/wp\/v2\/pages"}],"about":[{"href":"https:\/\/www.freie-waehler-st-georgen.de\/stg\/wp-json\/wp\/v2\/types\/page"}],"author":[{"embeddable":true,"href":"https:\/\/www.freie-waehler-st-georgen.de\/stg\/wp-json\/wp\/v2\/users\/1"}],"replies":[{"embeddable":true,"href":"https:\/\/www.freie-waehler-st-georgen.de\/stg\/wp-json\/wp\/v2\/comments?post=101"}],"version-history":[{"count":1,"href":"https:\/\/www.freie-waehler-st-georgen.de\/stg\/wp-json\/wp\/v2\/pages\/101\/revisions"}],"predecessor-version":[{"id":12548,"href":"https:\/\/www.freie-waehler-st-georgen.de\/stg\/wp-json\/wp\/v2\/pages\/101\/revisions\/12548"}],"up":[{"embeddable":true,"href":"https:\/\/www.freie-waehler-st-georgen.de\/stg\/wp-json\/wp\/v2\/pages\/38"}],"wp:attachment":[{"href":"https:\/\/www.freie-waehler-st-georgen.de\/stg\/wp-json\/wp\/v2\/media?parent=101"}],"wp:term":[{"taxonomy":"post_tag","embeddable":true,"href":"https:\/\/www.freie-waehler-st-georgen.de\/stg\/wp-json\/wp\/v2\/tags?post=101"}],"curies":[{"name":"wp","href":"https:\/\/api.w.org\/{rel}","templated":true}]}}